{"id":1862,"date":"2025-05-08T09:59:49","date_gmt":"2025-05-08T09:59:49","guid":{"rendered":"https:\/\/canyoning-tours.at\/stornierungsbedingungen\/"},"modified":"2025-06-01T11:16:42","modified_gmt":"2025-06-01T11:16:42","slug":"stornierungsbedingungen","status":"publish","type":"page","link":"https:\/\/canyoning-tours.at\/de\/stornierungsbedingungen\/","title":{"rendered":"Stornierungsbedingungen"},"content":{"rendered":"<p>[et_pb_section fb_built=&#8220;1&#8243; _builder_version=&#8220;4.17.4&#8243; _module_preset=&#8220;default&#8220; custom_margin=&#8220;0px||0px||false|false&#8220; custom_padding=&#8220;0px||0px||false|false&#8220; global_colors_info=&#8220;{}&#8220;][et_pb_row _builder_version=&#8220;4.17.4&#8243; _module_preset=&#8220;default&#8220; background_color=&#8220;#215eac&#8220; width=&#8220;100%&#8220; max_width=&#8220;100%&#8220; global_colors_info=&#8220;{}&#8220;][et_pb_column type=&#8220;4_4&#8243; _builder_version=&#8220;4.17.4&#8243; _module_preset=&#8220;default&#8220; global_colors_info=&#8220;{}&#8220;][et_pb_text _builder_version=&#8220;4.27.4&#8243; _module_preset=&#8220;default&#8220; header_text_align=&#8220;center&#8220; header_text_color=&#8220;#FFFFFF&#8220; header_2_font=&#8220;|||on|||||&#8220; header_2_text_align=&#8220;center&#8220; header_2_text_color=&#8220;#8FCF81&#8243; header_2_font_size=&#8220;17px&#8220; header_2_letter_spacing=&#8220;5px&#8220; header_2_line_height=&#8220;1.5em&#8220; custom_padding=&#8220;5%|5%||5%|false|true&#8220; custom_padding_tablet=&#8220;10%||||false|true&#8220; custom_padding_phone=&#8220;10%||||false|true&#8220; custom_padding_last_edited=&#8220;on|tablet&#8220; hover_enabled=&#8220;0&#8243; header_font_size_tablet=&#8220;&#8220; header_font_size_phone=&#8220;26px&#8220; header_font_size_last_edited=&#8220;on|phone&#8220; global_colors_info=&#8220;{}&#8220; sticky_enabled=&#8220;0&#8243;]<\/p>\n<h1>Stornierungsbedingungen<\/h1>\n<p>[\/et_pb_text][\/et_pb_column][\/et_pb_row][et_pb_row _builder_version=&#8220;4.17.4&#8243; _module_preset=&#8220;default&#8220; global_colors_info=&#8220;{}&#8220;][et_pb_column type=&#8220;4_4&#8243; _builder_version=&#8220;4.17.4&#8243; _module_preset=&#8220;default&#8220; global_colors_info=&#8220;{}&#8220;][et_pb_text _builder_version=&#8220;4.27.4&#8243; _module_preset=&#8220;default&#8220; text_font=&#8220;||||||||&#8220; ul_line_height=&#8220;1.8em&#8220; header_text_align=&#8220;center&#8220; header_2_font=&#8220;|||on|||||&#8220; header_2_text_align=&#8220;center&#8220; header_2_text_color=&#8220;#000000&#8243; header_2_font_size=&#8220;17px&#8220; header_2_letter_spacing=&#8220;5px&#8220; header_2_line_height=&#8220;1.5em&#8220; hover_enabled=&#8220;0&#8243; global_colors_info=&#8220;{}&#8220; sticky_enabled=&#8220;0&#8243;]<\/p>\n<h2><\/h2>\n<h3 data-start=\"93\" data-end=\"162\">Online-Zahlungen (Gruppen von 1 bis 8 Personen &#8211; Kleine Gruppenreisen)<\/h3>\n<ul data-start=\"164\" data-end=\"498\">\n<li data-start=\"164\" data-end=\"213\">\n<p data-start=\"166\" data-end=\"213\"><strong data-start=\"166\" data-end=\"199\">Bis zu 7 Tage vor der Tour:<\/strong> 100% Erstattung<\/p>\n<\/li>\n<li data-start=\"214\" data-end=\"264\">\n<p data-start=\"216\" data-end=\"264\"><strong data-start=\"216\" data-end=\"251\">Bis zu 48 Stunden vor der Tour:<\/strong> 50% Erstattung<\/p>\n<\/li>\n<li data-start=\"265\" data-end=\"329\">\n<p data-start=\"267\" data-end=\"329\"><strong data-start=\"267\" data-end=\"317\">Weniger als 24 Stunden vor der Tour oder Nichterscheinen:<\/strong> Keine Erstattung<\/p>\n<\/li>\n<li data-start=\"330\" data-end=\"412\">\n<p data-start=\"332\" data-end=\"412\"><strong data-start=\"332\" data-end=\"372\">Stornierung am selben Tag (Buchungstag):<\/strong> 100% Erstattung (z.B. bei versehentlicher Buchung)<\/p>\n<\/li>\n<li data-start=\"413\" data-end=\"498\">\n<p data-start=\"415\" data-end=\"498\"><strong data-start=\"415\" data-end=\"466\">Absage durch uns (z.B. wegen Gewitter):<\/strong> Volle R\u00fcckerstattung oder Verschiebung des Termins<\/p>\n<\/li>\n<\/ul>\n<h3>F\u00fcr gr\u00f6\u00dfere Gruppen (8 oder mehr Teilnehmer)<\/h3>\n<ul data-start=\"590\" data-end=\"740\">\n<li data-start=\"590\" data-end=\"639\">\n<p data-start=\"592\" data-end=\"639\">Anzahlung: 50% des Gesamtbetrags bei Buchung<\/p>\n<\/li>\n<li data-start=\"640\" data-end=\"740\">\n<p data-start=\"642\" data-end=\"740\">Restzahlung: Sp\u00e4testens 7 Tage vor der Tour online oder in bar am Tag der Tour<\/p>\n<\/li>\n<\/ul>\n<p data-start=\"742\" data-end=\"760\"><strong>Stornierungsgeb\u00fchren:<\/strong><\/p>\n<ul data-start=\"761\" data-end=\"984\">\n<li data-start=\"761\" data-end=\"841\">\n<p data-start=\"763\" data-end=\"841\">Ab dem Tag der Buchung \/ bis mindestens 30 Tage vor der Tour: 75% Erstattung<\/p>\n<\/li>\n<li data-start=\"842\" data-end=\"886\">\n<p data-start=\"844\" data-end=\"886\">Bis zu 7 Tage vor der Tour: 50% Erstattung<\/p>\n<\/li>\n<li data-start=\"887\" data-end=\"935\">\n<p data-start=\"889\" data-end=\"935\">Weniger als 7 Tage vor der Tour: 10% Erstattung<\/p>\n<\/li>\n<li data-start=\"936\" data-end=\"984\">\n<p data-start=\"938\" data-end=\"984\">Am Tag der Tour oder bei Nichterscheinen: Keine Erstattung<\/p>\n<\/li>\n<\/ul>\n<p>[\/et_pb_text][\/et_pb_column][\/et_pb_row][\/et_pb_section]<\/p>\n","protected":false},"excerpt":{"rendered":"<p>Stornierungsbedingungen Online-Zahlungen (Gruppen von 1 bis 8 Personen &#8211; Kleine Gruppenreisen) Bis zu 7 Tage vor der Tour: 100% Erstattung Bis zu 48 Stunden vor der Tour: 50% Erstattung Weniger als 24 Stunden vor der Tour oder Nichterscheinen: Keine Erstattung Stornierung am selben Tag (Buchungstag): 100% Erstattung (z.B. bei versehentlicher Buchung) Absage durch uns (z.B. [&hellip;]<\/p>\n","protected":false},"author":1,"featured_media":0,"parent":0,"menu_order":0,"comment_status":"closed","ping_status":"closed","template":"","meta":{"_et_pb_use_builder":"on","_et_pb_old_content":"","_et_gb_content_width":"","iawp_total_views":9,"footnotes":""},"class_list":["post-1862","page","type-page","status-publish","hentry"],"_links":{"self":[{"href":"https:\/\/canyoning-tours.at\/de\/wp-json\/wp\/v2\/pages\/1862","targetHints":{"allow":["GET"]}}],"collection":[{"href":"https:\/\/canyoning-tours.at\/de\/wp-json\/wp\/v2\/pages"}],"about":[{"href":"https:\/\/canyoning-tours.at\/de\/wp-json\/wp\/v2\/types\/page"}],"author":[{"embeddable":true,"href":"https:\/\/canyoning-tours.at\/de\/wp-json\/wp\/v2\/users\/1"}],"replies":[{"embeddable":true,"href":"https:\/\/canyoning-tours.at\/de\/wp-json\/wp\/v2\/comments?post=1862"}],"version-history":[{"count":0,"href":"https:\/\/canyoning-tours.at\/de\/wp-json\/wp\/v2\/pages\/1862\/revisions"}],"wp:attachment":[{"href":"https:\/\/canyoning-tours.at\/de\/wp-json\/wp\/v2\/media?parent=1862"}],"curies":[{"name":"wp","href":"https:\/\/api.w.org\/{rel}","templated":true}]}}